{"id":1644,"date":"2022-06-23T15:50:48","date_gmt":"2022-06-23T14:50:48","guid":{"rendered":"http:\/\/mix-formation.fr\/?page_id=1644"},"modified":"2022-06-23T15:50:51","modified_gmt":"2022-06-23T14:50:51","slug":"ibc-5","status":"publish","type":"page","link":"http:\/\/mix-formation.fr\/index.php\/ibc-5\/","title":{"rendered":"Situation IBC 5"},"content":{"rendered":"<div itemprop = 'articleBody'>\n<p>Jos\u00e9, 30 ans, est pr\u00e9parateur dans un entrep\u00f4t r\u00e9frig\u00e9r\u00e9 dont le sol est parfois glissant et pas toujours bien rang\u00e9.<\/p>\n\n\n\n<p>Ce matin, il doit charger les produits sur les palettes pour les chauffeurs. Il utilise un gerbeur.<\/p>\n\n\n\n<p>En reculant avec un carton dans les bras, il tape le pied dans une palette pos\u00e9e en \u00e9quilibre pr\u00e9caire derri\u00e8re lui. Celle-ci bascule et le blesse au tendon.  <\/p>\n<\/div>","protected":false},"excerpt":{"rendered":"<p>Jos\u00e9, 30 ans, est pr\u00e9parateur dans un entrep\u00f4t r\u00e9frig\u00e9r\u00e9 dont le sol est parfois glissant et pas toujours bien rang\u00e9. Ce matin, il doit charger les produits sur les palettes pour les chauffeurs. Il utilise un gerbeur. En reculant avec un carton dans les bras, il tape le pied dans une palette pos\u00e9e en \u00e9quilibre [&hellip;]<\/p>\n","protected":false},"author":1,"featured_media":0,"parent":0,"menu_order":0,"comment_status":"closed","ping_status":"closed","template":"","meta":{"footnotes":""},"class_list":["post-1644","page","type-page","status-publish","hentry"],"_links":{"self":[{"href":"http:\/\/mix-formation.fr\/index.php\/wp-json\/wp\/v2\/pages\/1644","targetHints":{"allow":["GET"]}}],"collection":[{"href":"http:\/\/mix-formation.fr\/index.php\/wp-json\/wp\/v2\/pages"}],"about":[{"href":"http:\/\/mix-formation.fr\/index.php\/wp-json\/wp\/v2\/types\/page"}],"author":[{"embeddable":true,"href":"http:\/\/mix-formation.fr\/index.php\/wp-json\/wp\/v2\/users\/1"}],"replies":[{"embeddable":true,"href":"http:\/\/mix-formation.fr\/index.php\/wp-json\/wp\/v2\/comments?post=1644"}],"version-history":[{"count":1,"href":"http:\/\/mix-formation.fr\/index.php\/wp-json\/wp\/v2\/pages\/1644\/revisions"}],"predecessor-version":[{"id":1645,"href":"http:\/\/mix-formation.fr\/index.php\/wp-json\/wp\/v2\/pages\/1644\/revisions\/1645"}],"wp:attachment":[{"href":"http:\/\/mix-formation.fr\/index.php\/wp-json\/wp\/v2\/media?parent=1644"}],"curies":[{"name":"wp","href":"https:\/\/api.w.org\/{rel}","templated":true}]}}