{"id":1642,"date":"2022-06-23T15:46:08","date_gmt":"2022-06-23T14:46:08","guid":{"rendered":"http:\/\/mix-formation.fr\/?page_id=1642"},"modified":"2022-06-23T15:46:09","modified_gmt":"2022-06-23T14:46:09","slug":"ibc-4","status":"publish","type":"page","link":"http:\/\/mix-formation.fr\/index.php\/ibc-4\/","title":{"rendered":"Situation IBC 4"},"content":{"rendered":"<div itemprop = 'articleBody'>\n<p>Romain, 34 ans, doit livrer un client dont les locaux accessibles par un quai mal entretenu et en pente. Il y a une diff\u00e9rence de niveau de 5 cm entre le hayon et le quai.<\/p>\n\n\n\n<p>La palette de lait \u00e0 livrer p\u00e8se 850 Kg. <\/p>\n\n\n\n<p>Romain doit donc tirer la palette les bras en avant, le dos pench\u00e9 en arri\u00e8re pour prendre de l&#8217;\u00e9lan et passer la &#8220;marche&#8221; entre son hayon et le quai. Il doit s&#8217;y reprendre \u00e0 plusieurs fois pour y arriver. <\/p>\n\n\n\n<p>Il travaille depuis 1 an dans l\u2019entreprise. Il dispose d\u2019un diable en plus de son transpalette manuel.<\/p>\n<\/div>","protected":false},"excerpt":{"rendered":"<p>Romain, 34 ans, doit livrer un client dont les locaux accessibles par un quai mal entretenu et en pente. Il y a une diff\u00e9rence de niveau de 5 cm entre le hayon et le quai. La palette de lait \u00e0 livrer p\u00e8se 850 Kg. Romain doit donc tirer la palette les bras en avant, le [&hellip;]<\/p>\n","protected":false},"author":1,"featured_media":0,"parent":0,"menu_order":0,"comment_status":"closed","ping_status":"closed","template":"","meta":{"footnotes":""},"class_list":["post-1642","page","type-page","status-publish","hentry"],"_links":{"self":[{"href":"http:\/\/mix-formation.fr\/index.php\/wp-json\/wp\/v2\/pages\/1642","targetHints":{"allow":["GET"]}}],"collection":[{"href":"http:\/\/mix-formation.fr\/index.php\/wp-json\/wp\/v2\/pages"}],"about":[{"href":"http:\/\/mix-formation.fr\/index.php\/wp-json\/wp\/v2\/types\/page"}],"author":[{"embeddable":true,"href":"http:\/\/mix-formation.fr\/index.php\/wp-json\/wp\/v2\/users\/1"}],"replies":[{"embeddable":true,"href":"http:\/\/mix-formation.fr\/index.php\/wp-json\/wp\/v2\/comments?post=1642"}],"version-history":[{"count":1,"href":"http:\/\/mix-formation.fr\/index.php\/wp-json\/wp\/v2\/pages\/1642\/revisions"}],"predecessor-version":[{"id":1643,"href":"http:\/\/mix-formation.fr\/index.php\/wp-json\/wp\/v2\/pages\/1642\/revisions\/1643"}],"wp:attachment":[{"href":"http:\/\/mix-formation.fr\/index.php\/wp-json\/wp\/v2\/media?parent=1642"}],"curies":[{"name":"wp","href":"https:\/\/api.w.org\/{rel}","templated":true}]}}