{"id":1640,"date":"2022-06-23T15:40:58","date_gmt":"2022-06-23T14:40:58","guid":{"rendered":"http:\/\/mix-formation.fr\/?page_id=1640"},"modified":"2022-06-23T15:40:59","modified_gmt":"2022-06-23T14:40:59","slug":"ibc-3","status":"publish","type":"page","link":"http:\/\/mix-formation.fr\/index.php\/ibc-3\/","title":{"rendered":"Situation IBC 3"},"content":{"rendered":"<div itemprop = 'articleBody'>\n<p>Laurent, 30 ans, doit livrer un client dont les locaux sont \u00e0 100m de l\u2019entr\u00e9e.<\/p>\n\n\n\n<p>Le sol est compos\u00e9 de graviers sur une partie du trajet.<\/p>\n\n\n\n<p>Laurent est parti \u00e0 6h en tourn\u00e9e apr\u00e8s avoir pass\u00e9 une heure \u00e0 charger le camion.<\/p>\n\n\n\n<p>Il est 8h et il faut rattraper le retard pris suite \u00e0 l\u2019attente d\u2019un client qui n\u2019\u00e9tait pas \u00e0 l\u2019heure.<\/p>\n\n\n\n<p>Laurent n\u2019a pas le CACES. Il travaille depuis 1 an dans l\u2019entreprise. Il dispose d\u2019un diable en plus de son transpalette manuel.<\/p>\n\n\n\n<p>Pour atteindre le local, il tire la palette les bras en arri\u00e8re, le buste en avant et la t\u00eate pench\u00e9e.<\/p>\n<\/div>","protected":false},"excerpt":{"rendered":"<p>Laurent, 30 ans, doit livrer un client dont les locaux sont \u00e0 100m de l\u2019entr\u00e9e. Le sol est compos\u00e9 de graviers sur une partie du trajet. Laurent est parti \u00e0 6h en tourn\u00e9e apr\u00e8s avoir pass\u00e9 une heure \u00e0 charger le camion. Il est 8h et il faut rattraper le retard pris suite \u00e0 l\u2019attente [&hellip;]<\/p>\n","protected":false},"author":1,"featured_media":0,"parent":0,"menu_order":0,"comment_status":"closed","ping_status":"closed","template":"","meta":{"footnotes":""},"class_list":["post-1640","page","type-page","status-publish","hentry"],"_links":{"self":[{"href":"http:\/\/mix-formation.fr\/index.php\/wp-json\/wp\/v2\/pages\/1640","targetHints":{"allow":["GET"]}}],"collection":[{"href":"http:\/\/mix-formation.fr\/index.php\/wp-json\/wp\/v2\/pages"}],"about":[{"href":"http:\/\/mix-formation.fr\/index.php\/wp-json\/wp\/v2\/types\/page"}],"author":[{"embeddable":true,"href":"http:\/\/mix-formation.fr\/index.php\/wp-json\/wp\/v2\/users\/1"}],"replies":[{"embeddable":true,"href":"http:\/\/mix-formation.fr\/index.php\/wp-json\/wp\/v2\/comments?post=1640"}],"version-history":[{"count":1,"href":"http:\/\/mix-formation.fr\/index.php\/wp-json\/wp\/v2\/pages\/1640\/revisions"}],"predecessor-version":[{"id":1641,"href":"http:\/\/mix-formation.fr\/index.php\/wp-json\/wp\/v2\/pages\/1640\/revisions\/1641"}],"wp:attachment":[{"href":"http:\/\/mix-formation.fr\/index.php\/wp-json\/wp\/v2\/media?parent=1640"}],"curies":[{"name":"wp","href":"https:\/\/api.w.org\/{rel}","templated":true}]}}