{"id":1410,"date":"2021-06-23T16:40:21","date_gmt":"2021-06-23T15:40:21","guid":{"rendered":"http:\/\/mix-formation.fr\/?page_id=1410"},"modified":"2021-06-23T16:40:22","modified_gmt":"2021-06-23T15:40:22","slug":"challenge-170b","status":"publish","type":"page","link":"http:\/\/mix-formation.fr\/index.php\/challenge-170b\/","title":{"rendered":"Bonne d\u00e9duction !"},"content":{"rendered":"<div itemprop = 'articleBody'>\n<p class=\"has-text-align-center\">L\u2019AVC doit \u00eatre pris en charge et donc diagnostiqu\u00e9 au plus t\u00f4t !<\/p>\n\n\n\n<p>[vc_btn title=&#8221;Vous allongez la victime&#8221; color=&#8221;success&#8221; align=&#8221;center&#8221; link=&#8221;url:http%3A%2F%2Fmix-formation.fr%2Findex.php%2Fchallenge-168a%2F|title:challenge%20168a|&#8221;][vc_btn title=&#8221;Vous questionnez la victime &#8221; color=&#8221;success&#8221; align=&#8221;center&#8221; link=&#8221;url:http%3A%2F%2Fmix-formation.fr%2Findex.php%2Fchallenge-174a%2F|title:challenge%20174a|&#8221;][vc_btn title=&#8221;Vous faites faire un test d&#8217;effort \u00e0 la victime (10 flexions par exemple)&#8221; color=&#8221;success&#8221; align=&#8221;center&#8221; link=&#8221;url:http%3A%2F%2Fmix-formation.fr%2Findex.php%2Fchallenge-175a%2F|title:challenge%20175a|&#8221;]<\/p>\n<\/div>","protected":false},"excerpt":{"rendered":"<p>L\u2019AVC doit \u00eatre pris en charge et donc diagnostiqu\u00e9 au plus t\u00f4t ! [vc_btn title=&#8221;Vous allongez la victime&#8221; color=&#8221;success&#8221; align=&#8221;center&#8221; link=&#8221;url:http%3A%2F%2Fmix-formation.fr%2Findex.php%2Fchallenge-168a%2F|title:challenge%20168a|&#8221;][vc_btn title=&#8221;Vous questionnez la victime &#8221; color=&#8221;success&#8221; align=&#8221;center&#8221; link=&#8221;url:http%3A%2F%2Fmix-formation.fr%2Findex.php%2Fchallenge-174a%2F|title:challenge%20174a|&#8221;][vc_btn title=&#8221;Vous faites faire un test d&#8217;effort \u00e0 la victime (10 flexions par exemple)&#8221; color=&#8221;success&#8221; align=&#8221;center&#8221; link=&#8221;url:http%3A%2F%2Fmix-formation.fr%2Findex.php%2Fchallenge-175a%2F|title:challenge%20175a|&#8221;]<\/p>\n","protected":false},"author":1,"featured_media":0,"parent":0,"menu_order":0,"comment_status":"closed","ping_status":"closed","template":"","meta":{"footnotes":""},"class_list":["post-1410","page","type-page","status-publish","hentry"],"_links":{"self":[{"href":"http:\/\/mix-formation.fr\/index.php\/wp-json\/wp\/v2\/pages\/1410","targetHints":{"allow":["GET"]}}],"collection":[{"href":"http:\/\/mix-formation.fr\/index.php\/wp-json\/wp\/v2\/pages"}],"about":[{"href":"http:\/\/mix-formation.fr\/index.php\/wp-json\/wp\/v2\/types\/page"}],"author":[{"embeddable":true,"href":"http:\/\/mix-formation.fr\/index.php\/wp-json\/wp\/v2\/users\/1"}],"replies":[{"embeddable":true,"href":"http:\/\/mix-formation.fr\/index.php\/wp-json\/wp\/v2\/comments?post=1410"}],"version-history":[{"count":1,"href":"http:\/\/mix-formation.fr\/index.php\/wp-json\/wp\/v2\/pages\/1410\/revisions"}],"predecessor-version":[{"id":1411,"href":"http:\/\/mix-formation.fr\/index.php\/wp-json\/wp\/v2\/pages\/1410\/revisions\/1411"}],"wp:attachment":[{"href":"http:\/\/mix-formation.fr\/index.php\/wp-json\/wp\/v2\/media?parent=1410"}],"curies":[{"name":"wp","href":"https:\/\/api.w.org\/{rel}","templated":true}]}}