{"id":1406,"date":"2021-06-23T16:38:25","date_gmt":"2021-06-23T15:38:25","guid":{"rendered":"http:\/\/mix-formation.fr\/?page_id=1406"},"modified":"2021-06-23T16:39:34","modified_gmt":"2021-06-23T15:39:34","slug":"challenge-99b","status":"publish","type":"page","link":"http:\/\/mix-formation.fr\/index.php\/challenge-99b\/","title":{"rendered":"La victime pr\u00e9sente les signes d&#8217;un AVC"},"content":{"rendered":"<div class=\"wpb-content-wrapper\"><div itemprop = 'articleBody'>[vc_row][vc_column][vc_column_text]\n<p>[\/vc_column_text][\/vc_column][\/vc_row][vc_btn title=&#8221;Vertiges, bouche dess\u00e9ch\u00e9e, maux de t\u00eate, palpitations&#8221; color=&#8221;success&#8221; align=&#8221;center&#8221; link=&#8221;url:http%3A%2F%2Fmix-formation.fr%2Findex.php%2Fchallenge-172a%2F|title:challenge%20172a|&#8221;][vc_btn title=&#8221;douleur dans la poitrine, difficult\u00e9 respiratoire, sueurs, sensation de froid, p\u00e2leur&#8221; color=&#8221;success&#8221; align=&#8221;center&#8221; link=&#8221;url:http%3A%2F%2Fmix-formation.fr%2Findex.php%2Fchallenge-171a%2F|title:challenge%20171a|&#8221;][vc_btn title=&#8221;faiblesse, paralysie, d\u00e9formation, troubles de la vision, difficult\u00e9 de langage, maux de t\u00eate, chutes&#8221; color=&#8221;success&#8221; align=&#8221;center&#8221; link=&#8221;url:http%3A%2F%2Fmix-formation.fr%2Findex.php%2Fchallenge-170b%2F|title:challenge%20170b|&#8221;][vc_row][vc_column][vc_column_text]<\/p>\n[\/vc_column_text][\/vc_column][\/vc_row]<\/div><\/div>","protected":false},"excerpt":{"rendered":"<p>[vc_row][vc_column][vc_column_text] [\/vc_column_text][\/vc_column][\/vc_row][vc_btn title=&#8221;Vertiges, bouche dess\u00e9ch\u00e9e, maux de t\u00eate, palpitations&#8221; color=&#8221;success&#8221; align=&#8221;center&#8221; link=&#8221;url:http%3A%2F%2Fmix-formation.fr%2Findex.php%2Fchallenge-172a%2F|title:challenge%20172a|&#8221;][vc_btn title=&#8221;douleur dans la poitrine, difficult\u00e9 respiratoire, sueurs, sensation de froid, p\u00e2leur&#8221; color=&#8221;success&#8221; align=&#8221;center&#8221; link=&#8221;url:http%3A%2F%2Fmix-formation.fr%2Findex.php%2Fchallenge-171a%2F|title:challenge%20171a|&#8221;][vc_btn title=&#8221;faiblesse, paralysie, d\u00e9formation, troubles de la vision, difficult\u00e9 de langage, maux de t\u00eate, chutes&#8221; color=&#8221;success&#8221; align=&#8221;center&#8221; link=&#8221;url:http%3A%2F%2Fmix-formation.fr%2Findex.php%2Fchallenge-170b%2F|title:challenge%20170b|&#8221;][vc_row][vc_column][vc_column_text] [\/vc_column_text][\/vc_column][\/vc_row]<\/p>\n","protected":false},"author":1,"featured_media":0,"parent":0,"menu_order":0,"comment_status":"closed","ping_status":"closed","template":"","meta":{"footnotes":""},"class_list":["post-1406","page","type-page","status-publish","hentry"],"_links":{"self":[{"href":"http:\/\/mix-formation.fr\/index.php\/wp-json\/wp\/v2\/pages\/1406","targetHints":{"allow":["GET"]}}],"collection":[{"href":"http:\/\/mix-formation.fr\/index.php\/wp-json\/wp\/v2\/pages"}],"about":[{"href":"http:\/\/mix-formation.fr\/index.php\/wp-json\/wp\/v2\/types\/page"}],"author":[{"embeddable":true,"href":"http:\/\/mix-formation.fr\/index.php\/wp-json\/wp\/v2\/users\/1"}],"replies":[{"embeddable":true,"href":"http:\/\/mix-formation.fr\/index.php\/wp-json\/wp\/v2\/comments?post=1406"}],"version-history":[{"count":2,"href":"http:\/\/mix-formation.fr\/index.php\/wp-json\/wp\/v2\/pages\/1406\/revisions"}],"predecessor-version":[{"id":1409,"href":"http:\/\/mix-formation.fr\/index.php\/wp-json\/wp\/v2\/pages\/1406\/revisions\/1409"}],"wp:attachment":[{"href":"http:\/\/mix-formation.fr\/index.php\/wp-json\/wp\/v2\/media?parent=1406"}],"curies":[{"name":"wp","href":"https:\/\/api.w.org\/{rel}","templated":true}]}}