{"id":1347,"date":"2021-06-23T16:13:38","date_gmt":"2021-06-23T15:13:38","guid":{"rendered":"http:\/\/mix-formation.fr\/?page_id=1347"},"modified":"2021-06-23T16:13:39","modified_gmt":"2021-06-23T15:13:39","slug":"challenge-164b","status":"publish","type":"page","link":"http:\/\/mix-formation.fr\/index.php\/challenge-164b\/","title":{"rendered":"OK !"},"content":{"rendered":"<div itemprop = 'articleBody'>\n<p class=\"has-text-align-center\">Le membre sectionn\u00e9 doit \u00eatre conserv\u00e9 dans de bonnes conditions pour pouvoir \u00eatre regreff\u00e9 ensuite !<\/p>\n\n\n\n<p class=\"has-text-align-center\">Dans un sac, au froid et \u00e0 l\u2019abri des des microbes et des poussi\u00e8res\u2026<\/p>\n\n\n\n<p class=\"has-text-align-center\">Mais il aurait fallu s\u2019occuper du moignon d\u2019abord !<\/p>\n\n\n\n<p>[vc_btn title=&#8221;Vous appelez les secours&#8221; color=&#8221;success&#8221; align=&#8221;center&#8221; link=&#8221;url:http%3A%2F%2Fmix-formation.fr%2Findex.php%2Fchallenge-24b%2F|title:challenge%2024b|&#8221;][vc_btn title=&#8221;Vous apportez une couverture \u00e0 la victime&#8221; color=&#8221;success&#8221; align=&#8221;center&#8221; link=&#8221;url:http%3A%2F%2Fmix-formation.fr%2Findex.php%2Fchallenge-25b%2F|title:challenge%2025b|&#8221;]<\/p>\n<\/div>","protected":false},"excerpt":{"rendered":"<p>Le membre sectionn\u00e9 doit \u00eatre conserv\u00e9 dans de bonnes conditions pour pouvoir \u00eatre regreff\u00e9 ensuite ! Dans un sac, au froid et \u00e0 l\u2019abri des des microbes et des poussi\u00e8res\u2026 Mais il aurait fallu s\u2019occuper du moignon d\u2019abord ! [vc_btn title=&#8221;Vous appelez les secours&#8221; color=&#8221;success&#8221; align=&#8221;center&#8221; link=&#8221;url:http%3A%2F%2Fmix-formation.fr%2Findex.php%2Fchallenge-24b%2F|title:challenge%2024b|&#8221;][vc_btn title=&#8221;Vous apportez une couverture \u00e0 la victime&#8221; color=&#8221;success&#8221; [&hellip;]<\/p>\n","protected":false},"author":1,"featured_media":0,"parent":0,"menu_order":0,"comment_status":"closed","ping_status":"closed","template":"","meta":{"footnotes":""},"class_list":["post-1347","page","type-page","status-publish","hentry"],"_links":{"self":[{"href":"http:\/\/mix-formation.fr\/index.php\/wp-json\/wp\/v2\/pages\/1347","targetHints":{"allow":["GET"]}}],"collection":[{"href":"http:\/\/mix-formation.fr\/index.php\/wp-json\/wp\/v2\/pages"}],"about":[{"href":"http:\/\/mix-formation.fr\/index.php\/wp-json\/wp\/v2\/types\/page"}],"author":[{"embeddable":true,"href":"http:\/\/mix-formation.fr\/index.php\/wp-json\/wp\/v2\/users\/1"}],"replies":[{"embeddable":true,"href":"http:\/\/mix-formation.fr\/index.php\/wp-json\/wp\/v2\/comments?post=1347"}],"version-history":[{"count":2,"href":"http:\/\/mix-formation.fr\/index.php\/wp-json\/wp\/v2\/pages\/1347\/revisions"}],"predecessor-version":[{"id":1349,"href":"http:\/\/mix-formation.fr\/index.php\/wp-json\/wp\/v2\/pages\/1347\/revisions\/1349"}],"wp:attachment":[{"href":"http:\/\/mix-formation.fr\/index.php\/wp-json\/wp\/v2\/media?parent=1347"}],"curies":[{"name":"wp","href":"https:\/\/api.w.org\/{rel}","templated":true}]}}