{"id":1283,"date":"2021-06-23T15:45:56","date_gmt":"2021-06-23T14:45:56","guid":{"rendered":"http:\/\/mix-formation.fr\/?page_id=1283"},"modified":"2021-06-23T15:46:38","modified_gmt":"2021-06-23T14:46:38","slug":"challenge-100b","status":"publish","type":"page","link":"http:\/\/mix-formation.fr\/index.php\/challenge-100b\/","title":{"rendered":"C&#8217;est une br\u00fblure thermique"},"content":{"rendered":"<div class=\"wpb-content-wrapper\"><div itemprop = 'articleBody'>[vc_row][vc_column][vc_column_text]\n<p>[\/vc_column_text][\/vc_column][\/vc_row][vc_btn title=&#8221;Vous mettez de la Biafine sur la br\u00fblure&#8221; color=&#8221;success&#8221; align=&#8221;center&#8221; link=&#8221;url:http%3A%2F%2Fmix-formation.fr%2Findex.php%2Fchallenge-136a%2F|title:challenge%20136a|&#8221;][vc_btn title=&#8221;Vous mettez la zone br\u00fbl\u00e9e sous l&#8217;eau froide&#8221; color=&#8221;success&#8221; align=&#8221;center&#8221; link=&#8221;url:http%3A%2F%2Fmix-formation.fr%2Findex.php%2Fchallenge-137a%2F|title:challenge%20137a|&#8221;][vc_btn title=&#8221;Vous mettez la zone br\u00fbl\u00e9e sous l&#8217;eau ti\u00e8de&#8221; color=&#8221;success&#8221; align=&#8221;center&#8221; link=&#8221;url:http%3A%2F%2Fmix-formation.fr%2Findex.php%2Fchallenge-138b%2F|title:challenge%20138b|&#8221;][vc_btn title=&#8221;Vous mettez la zone br\u00fbl\u00e9e sous l&#8217;eau chaude&#8221; color=&#8221;success&#8221; align=&#8221;center&#8221; link=&#8221;url:http%3A%2F%2Fmix-formation.fr%2Findex.php%2Fchallenge-137a%2F|title:challenge%20137a|&#8221;][vc_row][vc_column][vc_column_text]<\/p>\n[\/vc_column_text][\/vc_column][\/vc_row]<\/div><\/div>","protected":false},"excerpt":{"rendered":"<p>[vc_row][vc_column][vc_column_text] [\/vc_column_text][\/vc_column][\/vc_row][vc_btn title=&#8221;Vous mettez de la Biafine sur la br\u00fblure&#8221; color=&#8221;success&#8221; align=&#8221;center&#8221; link=&#8221;url:http%3A%2F%2Fmix-formation.fr%2Findex.php%2Fchallenge-136a%2F|title:challenge%20136a|&#8221;][vc_btn title=&#8221;Vous mettez la zone br\u00fbl\u00e9e sous l&#8217;eau froide&#8221; color=&#8221;success&#8221; align=&#8221;center&#8221; link=&#8221;url:http%3A%2F%2Fmix-formation.fr%2Findex.php%2Fchallenge-137a%2F|title:challenge%20137a|&#8221;][vc_btn title=&#8221;Vous mettez la zone br\u00fbl\u00e9e sous l&#8217;eau ti\u00e8de&#8221; color=&#8221;success&#8221; align=&#8221;center&#8221; link=&#8221;url:http%3A%2F%2Fmix-formation.fr%2Findex.php%2Fchallenge-138b%2F|title:challenge%20138b|&#8221;][vc_btn title=&#8221;Vous mettez la zone br\u00fbl\u00e9e sous l&#8217;eau chaude&#8221; color=&#8221;success&#8221; align=&#8221;center&#8221; link=&#8221;url:http%3A%2F%2Fmix-formation.fr%2Findex.php%2Fchallenge-137a%2F|title:challenge%20137a|&#8221;][vc_row][vc_column][vc_column_text] [\/vc_column_text][\/vc_column][\/vc_row]<\/p>\n","protected":false},"author":1,"featured_media":0,"parent":0,"menu_order":0,"comment_status":"closed","ping_status":"closed","template":"","meta":{"footnotes":""},"class_list":["post-1283","page","type-page","status-publish","hentry"],"_links":{"self":[{"href":"http:\/\/mix-formation.fr\/index.php\/wp-json\/wp\/v2\/pages\/1283","targetHints":{"allow":["GET"]}}],"collection":[{"href":"http:\/\/mix-formation.fr\/index.php\/wp-json\/wp\/v2\/pages"}],"about":[{"href":"http:\/\/mix-formation.fr\/index.php\/wp-json\/wp\/v2\/types\/page"}],"author":[{"embeddable":true,"href":"http:\/\/mix-formation.fr\/index.php\/wp-json\/wp\/v2\/users\/1"}],"replies":[{"embeddable":true,"href":"http:\/\/mix-formation.fr\/index.php\/wp-json\/wp\/v2\/comments?post=1283"}],"version-history":[{"count":2,"href":"http:\/\/mix-formation.fr\/index.php\/wp-json\/wp\/v2\/pages\/1283\/revisions"}],"predecessor-version":[{"id":1286,"href":"http:\/\/mix-formation.fr\/index.php\/wp-json\/wp\/v2\/pages\/1283\/revisions\/1286"}],"wp:attachment":[{"href":"http:\/\/mix-formation.fr\/index.php\/wp-json\/wp\/v2\/media?parent=1283"}],"curies":[{"name":"wp","href":"https:\/\/api.w.org\/{rel}","templated":true}]}}