{"id":1254,"date":"2021-06-23T09:48:29","date_gmt":"2021-06-23T08:48:29","guid":{"rendered":"http:\/\/mix-formation.fr\/?page_id=1254"},"modified":"2021-06-23T09:49:05","modified_gmt":"2021-06-23T08:49:05","slug":"challenge-67b","status":"publish","type":"page","link":"http:\/\/mix-formation.fr\/index.php\/challenge-67b\/","title":{"rendered":"OUPS !"},"content":{"rendered":"<div class=\"wpb-content-wrapper\"><div itemprop = 'articleBody'>[vc_row][vc_column][vc_column_text]\n<p class=\"has-text-align-center\">Une fois d\u00e9but\u00e9, un massage cardiaque ne s&#8217;arr\u00eate pas !<\/p>\n\n\n\n<p class=\"has-text-align-center\">Il faut donc appeler les secours avant !!!<\/p>\n\n\n\n<p class=\"has-text-align-center\">Vous ferez mieux la prochaine fois&#8230;<\/p>\n[\/vc_column_text][vc_btn title=&#8221;RETOUR ACCUEIL&#8221; color=&#8221;danger&#8221; align=&#8221;center&#8221; link=&#8221;url:http%3A%2F%2Fmix-formation.fr%2Findex.php%2Fchallenge-1%2F|title:Accueil%20challenge%20SST|&#8221;][\/vc_column][\/vc_row]<\/div><\/div>","protected":false},"excerpt":{"rendered":"<p>[vc_row][vc_column][vc_column_text] Une fois d\u00e9but\u00e9, un massage cardiaque ne s&#8217;arr\u00eate pas ! Il faut donc appeler les secours avant !!! Vous ferez mieux la prochaine fois&#8230; [\/vc_column_text][vc_btn title=&#8221;RETOUR ACCUEIL&#8221; color=&#8221;danger&#8221; align=&#8221;center&#8221; link=&#8221;url:http%3A%2F%2Fmix-formation.fr%2Findex.php%2Fchallenge-1%2F|title:Accueil%20challenge%20SST|&#8221;][\/vc_column][\/vc_row]<\/p>\n","protected":false},"author":1,"featured_media":0,"parent":0,"menu_order":0,"comment_status":"closed","ping_status":"closed","template":"","meta":{"footnotes":""},"class_list":["post-1254","page","type-page","status-publish","hentry"],"_links":{"self":[{"href":"http:\/\/mix-formation.fr\/index.php\/wp-json\/wp\/v2\/pages\/1254","targetHints":{"allow":["GET"]}}],"collection":[{"href":"http:\/\/mix-formation.fr\/index.php\/wp-json\/wp\/v2\/pages"}],"about":[{"href":"http:\/\/mix-formation.fr\/index.php\/wp-json\/wp\/v2\/types\/page"}],"author":[{"embeddable":true,"href":"http:\/\/mix-formation.fr\/index.php\/wp-json\/wp\/v2\/users\/1"}],"replies":[{"embeddable":true,"href":"http:\/\/mix-formation.fr\/index.php\/wp-json\/wp\/v2\/comments?post=1254"}],"version-history":[{"count":2,"href":"http:\/\/mix-formation.fr\/index.php\/wp-json\/wp\/v2\/pages\/1254\/revisions"}],"predecessor-version":[{"id":1257,"href":"http:\/\/mix-formation.fr\/index.php\/wp-json\/wp\/v2\/pages\/1254\/revisions\/1257"}],"wp:attachment":[{"href":"http:\/\/mix-formation.fr\/index.php\/wp-json\/wp\/v2\/media?parent=1254"}],"curies":[{"name":"wp","href":"https:\/\/api.w.org\/{rel}","templated":true}]}}