{"id":1246,"date":"2021-06-23T09:43:50","date_gmt":"2021-06-23T08:43:50","guid":{"rendered":"http:\/\/mix-formation.fr\/?page_id=1246"},"modified":"2021-06-23T09:44:13","modified_gmt":"2021-06-23T08:44:13","slug":"challenge-64b","status":"publish","type":"page","link":"http:\/\/mix-formation.fr\/index.php\/challenge-64b\/","title":{"rendered":"Bien vu !"},"content":{"rendered":"<div class=\"wpb-content-wrapper\"><div itemprop = 'articleBody'>[vc_row][vc_column][vc_column_text]<p><\/p>\n<p style=\"text-align: center;\">Il est temps de mettre la victime en position lat\u00e9rale de s\u00e9curit\u00e9 pour l&#8217;aider \u00e0 respirer et \u00e9viter les risques li\u00e9s aux vomissements ![vc_row][vc_column width=&#8221;1\/1&#8243;][vc_column_text]<\/p>\n<p><\/p>[\/vc_column_text][\/vc_column][\/vc_row][vc_btn title=&#8221;Vous appelez les secours&#8221; color=&#8221;success&#8221; align=&#8221;center&#8221; link=&#8221;url:http%3A%2F%2Fmix-formation.fr%2Findex.php%2Fchallenge-24b%2F|title:challenge%2024b|&#8221;][vc_btn title=&#8221;Vous apportez une couverture \u00e0 la victime&#8221; color=&#8221;success&#8221; align=&#8221;center&#8221; link=&#8221;url:http%3A%2F%2Fmix-formation.fr%2Findex.php%2Fchallenge-25b%2F|title:challenge%2025b|&#8221;][vc_row][vc_column][vc_column_text]<\/p>\n<!-- \/wp:post-content -->[\/vc_column_text][\/vc_column][\/vc_row]<\/div><\/div>","protected":false},"excerpt":{"rendered":"<p>[vc_row][vc_column][vc_column_text] Il est temps de mettre la victime en position lat\u00e9rale de s\u00e9curit\u00e9 pour l&#8217;aider \u00e0 respirer et \u00e9viter les risques li\u00e9s aux vomissements ![vc_row][vc_column width=&#8221;1\/1&#8243;][vc_column_text] [\/vc_column_text][\/vc_column][\/vc_row][vc_btn title=&#8221;Vous appelez les secours&#8221; color=&#8221;success&#8221; align=&#8221;center&#8221; link=&#8221;url:http%3A%2F%2Fmix-formation.fr%2Findex.php%2Fchallenge-24b%2F|title:challenge%2024b|&#8221;][vc_btn title=&#8221;Vous apportez une couverture \u00e0 la victime&#8221; color=&#8221;success&#8221; align=&#8221;center&#8221; link=&#8221;url:http%3A%2F%2Fmix-formation.fr%2Findex.php%2Fchallenge-25b%2F|title:challenge%2025b|&#8221;][vc_row][vc_column][vc_column_text] [\/vc_column_text][\/vc_column][\/vc_row]<\/p>\n","protected":false},"author":1,"featured_media":0,"parent":0,"menu_order":0,"comment_status":"closed","ping_status":"closed","template":"","meta":{"footnotes":""},"class_list":["post-1246","page","type-page","status-publish","hentry"],"_links":{"self":[{"href":"http:\/\/mix-formation.fr\/index.php\/wp-json\/wp\/v2\/pages\/1246","targetHints":{"allow":["GET"]}}],"collection":[{"href":"http:\/\/mix-formation.fr\/index.php\/wp-json\/wp\/v2\/pages"}],"about":[{"href":"http:\/\/mix-formation.fr\/index.php\/wp-json\/wp\/v2\/types\/page"}],"author":[{"embeddable":true,"href":"http:\/\/mix-formation.fr\/index.php\/wp-json\/wp\/v2\/users\/1"}],"replies":[{"embeddable":true,"href":"http:\/\/mix-formation.fr\/index.php\/wp-json\/wp\/v2\/comments?post=1246"}],"version-history":[{"count":2,"href":"http:\/\/mix-formation.fr\/index.php\/wp-json\/wp\/v2\/pages\/1246\/revisions"}],"predecessor-version":[{"id":1249,"href":"http:\/\/mix-formation.fr\/index.php\/wp-json\/wp\/v2\/pages\/1246\/revisions\/1249"}],"wp:attachment":[{"href":"http:\/\/mix-formation.fr\/index.php\/wp-json\/wp\/v2\/media?parent=1246"}],"curies":[{"name":"wp","href":"https:\/\/api.w.org\/{rel}","templated":true}]}}