{"id":1214,"date":"2021-06-23T09:20:35","date_gmt":"2021-06-23T08:20:35","guid":{"rendered":"http:\/\/mix-formation.fr\/?page_id=1214"},"modified":"2021-06-23T09:25:31","modified_gmt":"2021-06-23T08:25:31","slug":"challenge-51b","status":"publish","type":"page","link":"http:\/\/mix-formation.fr\/index.php\/challenge-51b\/","title":{"rendered":"Bonne initiative !"},"content":{"rendered":"<div class=\"wpb-content-wrapper\"><div itemprop = 'articleBody'>[vc_row][vc_column][vc_column_text]\n<p class=\"has-text-align-center\">Une fois le corps \u00e9tranger \u00e9vacu\u00e9, la victime doit se reposer et reprendre son souffle ![vc_row][vc_column width=&#8221;1\/1&#8243;][vc_column_text]<\/p>\n[\/vc_column_text][\/vc_column][\/vc_row][vc_btn title=&#8221;Vous appelez les secours&#8221; color=&#8221;success&#8221; align=&#8221;center&#8221; link=&#8221;url:http%3A%2F%2Fmix-formation.fr%2Findex.php%2Fchallenge-24b%2F|title:challenge%2024b|&#8221;][vc_btn title=&#8221;Vous apportez une couverture \u00e0 la victime&#8221; color=&#8221;success&#8221; align=&#8221;center&#8221; link=&#8221;url:http%3A%2F%2Fmix-formation.fr%2Findex.php%2Fchallenge-25b%2F|title:challenge%2025b|&#8221;][vc_row][vc_column][vc_column_text]<\/p>\n<!-- \/wp:post-content -->[\/vc_column_text][\/vc_column][\/vc_row]<\/div><\/div>","protected":false},"excerpt":{"rendered":"<p>[vc_row][vc_column][vc_column_text] Une fois le corps \u00e9tranger \u00e9vacu\u00e9, la victime doit se reposer et reprendre son souffle ![vc_row][vc_column width=&#8221;1\/1&#8243;][vc_column_text] [\/vc_column_text][\/vc_column][\/vc_row][vc_btn title=&#8221;Vous appelez les secours&#8221; color=&#8221;success&#8221; align=&#8221;center&#8221; link=&#8221;url:http%3A%2F%2Fmix-formation.fr%2Findex.php%2Fchallenge-24b%2F|title:challenge%2024b|&#8221;][vc_btn title=&#8221;Vous apportez une couverture \u00e0 la victime&#8221; color=&#8221;success&#8221; align=&#8221;center&#8221; link=&#8221;url:http%3A%2F%2Fmix-formation.fr%2Findex.php%2Fchallenge-25b%2F|title:challenge%2025b|&#8221;][vc_row][vc_column][vc_column_text] [\/vc_column_text][\/vc_column][\/vc_row]<\/p>\n","protected":false},"author":1,"featured_media":0,"parent":0,"menu_order":0,"comment_status":"closed","ping_status":"closed","template":"","meta":{"footnotes":""},"class_list":["post-1214","page","type-page","status-publish","hentry"],"_links":{"self":[{"href":"http:\/\/mix-formation.fr\/index.php\/wp-json\/wp\/v2\/pages\/1214","targetHints":{"allow":["GET"]}}],"collection":[{"href":"http:\/\/mix-formation.fr\/index.php\/wp-json\/wp\/v2\/pages"}],"about":[{"href":"http:\/\/mix-formation.fr\/index.php\/wp-json\/wp\/v2\/types\/page"}],"author":[{"embeddable":true,"href":"http:\/\/mix-formation.fr\/index.php\/wp-json\/wp\/v2\/users\/1"}],"replies":[{"embeddable":true,"href":"http:\/\/mix-formation.fr\/index.php\/wp-json\/wp\/v2\/comments?post=1214"}],"version-history":[{"count":2,"href":"http:\/\/mix-formation.fr\/index.php\/wp-json\/wp\/v2\/pages\/1214\/revisions"}],"predecessor-version":[{"id":1217,"href":"http:\/\/mix-formation.fr\/index.php\/wp-json\/wp\/v2\/pages\/1214\/revisions\/1217"}],"wp:attachment":[{"href":"http:\/\/mix-formation.fr\/index.php\/wp-json\/wp\/v2\/media?parent=1214"}],"curies":[{"name":"wp","href":"https:\/\/api.w.org\/{rel}","templated":true}]}}