{"id":1195,"date":"2021-06-23T09:09:50","date_gmt":"2021-06-23T08:09:50","guid":{"rendered":"http:\/\/mix-formation.fr\/?page_id=1195"},"modified":"2021-06-23T09:10:06","modified_gmt":"2021-06-23T08:10:06","slug":"challenge-44b","status":"publish","type":"page","link":"http:\/\/mix-formation.fr\/index.php\/challenge-44b\/","title":{"rendered":"Bien vu !"},"content":{"rendered":"<div itemprop = 'articleBody'>\n<p class=\"has-text-align-center\">Une obstruction partielle ne n\u00e9cessite pas d&#8217;intervention !<\/p>\n\n\n\n<p class=\"has-text-align-center\">Il faut laisser la victime expulser le corps \u00e9tranger d&#8217;elle-m\u00eame !<\/p>\n\n\n\n<p class=\"has-text-align-center\">Une fois le corps \u00e9vacu\u00e9, on peut demander un avis m\u00e9dical.<\/p>\n\n\n\n<p class=\"has-text-align-center\">Bon travail !<\/p>\n\n\n<p>[vc_btn title=&#8221;Une autre situation ?&#8221; color=&#8221;warning&#8221; align=&#8221;center&#8221; link=&#8221;url:http%3A%2F%2Fmix-formation.fr%2Findex.php%2Fchallenge-1%2F|title:Accueil%20challenge%20SST|&#8221;]<\/p>\n<\/div>","protected":false},"excerpt":{"rendered":"<p>Une obstruction partielle ne n\u00e9cessite pas d&#8217;intervention ! Il faut laisser la victime expulser le corps \u00e9tranger d&#8217;elle-m\u00eame ! Une fois le corps \u00e9vacu\u00e9, on peut demander un avis m\u00e9dical. Bon travail !<\/p>\n","protected":false},"author":1,"featured_media":0,"parent":0,"menu_order":0,"comment_status":"closed","ping_status":"closed","template":"","meta":{"footnotes":""},"class_list":["post-1195","page","type-page","status-publish","hentry"],"_links":{"self":[{"href":"http:\/\/mix-formation.fr\/index.php\/wp-json\/wp\/v2\/pages\/1195","targetHints":{"allow":["GET"]}}],"collection":[{"href":"http:\/\/mix-formation.fr\/index.php\/wp-json\/wp\/v2\/pages"}],"about":[{"href":"http:\/\/mix-formation.fr\/index.php\/wp-json\/wp\/v2\/types\/page"}],"author":[{"embeddable":true,"href":"http:\/\/mix-formation.fr\/index.php\/wp-json\/wp\/v2\/users\/1"}],"replies":[{"embeddable":true,"href":"http:\/\/mix-formation.fr\/index.php\/wp-json\/wp\/v2\/comments?post=1195"}],"version-history":[{"count":2,"href":"http:\/\/mix-formation.fr\/index.php\/wp-json\/wp\/v2\/pages\/1195\/revisions"}],"predecessor-version":[{"id":1197,"href":"http:\/\/mix-formation.fr\/index.php\/wp-json\/wp\/v2\/pages\/1195\/revisions\/1197"}],"wp:attachment":[{"href":"http:\/\/mix-formation.fr\/index.php\/wp-json\/wp\/v2\/media?parent=1195"}],"curies":[{"name":"wp","href":"https:\/\/api.w.org\/{rel}","templated":true}]}}