{"id":1141,"date":"2021-06-22T16:55:26","date_gmt":"2021-06-22T15:55:26","guid":{"rendered":"http:\/\/mix-formation.fr\/?page_id=1141"},"modified":"2021-06-22T17:01:36","modified_gmt":"2021-06-22T16:01:36","slug":"challenge-170a","status":"publish","type":"page","link":"http:\/\/mix-formation.fr\/index.php\/challenge-170a\/","title":{"rendered":"Bonne d\u00e9duction !"},"content":{"rendered":"<div class=\"wpb-content-wrapper\"><div itemprop = 'articleBody'>[vc_row][vc_column][vc_column_text]<p><\/p>\n<p style=\"text-align: center;\">L&#8217;AVC doit \u00eatre pris en charge et donc diagnostiqu\u00e9 au plus t\u00f4t ! [vc_row][vc_column width=&#8221;1\/1&#8243;][vc_column_text]<\/p>\n<p><\/p>[\/vc_column_text][\/vc_column][\/vc_row][vc_btn title=&#8221;Vous allongez la victime&#8221; color=&#8221;success&#8221; align=&#8221;center&#8221; link=&#8221;url:http%3A%2F%2Fmix-formation.fr%2Findex.php%2Fchallenge-168a%2F|title:challenge%20168a|&#8221;][vc_btn title=&#8221;Vous questionnez la victime &#8221; color=&#8221;success&#8221; align=&#8221;center&#8221; link=&#8221;url:http%3A%2F%2Fmix-formation.fr%2Findex.php%2Fchallenge-174a%2F|title:challenge%20174a|&#8221;][vc_btn title=&#8221;Vous faites faire un test d&#8217;effort \u00e0 la victime (10 flexions par exemple)&#8221; color=&#8221;success&#8221; align=&#8221;center&#8221; link=&#8221;url:http%3A%2F%2Fmix-formation.fr%2Findex.php%2Fchallenge-175a%2F|title:challenge%20175a|&#8221;][vc_row][vc_column][vc_column_text]<\/p>\n<!-- \/wp:post-content -->[\/vc_column_text][\/vc_column][\/vc_row]<\/div><\/div>","protected":false},"excerpt":{"rendered":"<p>[vc_row][vc_column][vc_column_text] L&#8217;AVC doit \u00eatre pris en charge et donc diagnostiqu\u00e9 au plus t\u00f4t ! [vc_row][vc_column width=&#8221;1\/1&#8243;][vc_column_text] [\/vc_column_text][\/vc_column][\/vc_row][vc_btn title=&#8221;Vous allongez la victime&#8221; color=&#8221;success&#8221; align=&#8221;center&#8221; link=&#8221;url:http%3A%2F%2Fmix-formation.fr%2Findex.php%2Fchallenge-168a%2F|title:challenge%20168a|&#8221;][vc_btn title=&#8221;Vous questionnez la victime &#8221; color=&#8221;success&#8221; align=&#8221;center&#8221; link=&#8221;url:http%3A%2F%2Fmix-formation.fr%2Findex.php%2Fchallenge-174a%2F|title:challenge%20174a|&#8221;][vc_btn title=&#8221;Vous faites faire un test d&#8217;effort \u00e0 la victime (10 flexions par exemple)&#8221; color=&#8221;success&#8221; align=&#8221;center&#8221; link=&#8221;url:http%3A%2F%2Fmix-formation.fr%2Findex.php%2Fchallenge-175a%2F|title:challenge%20175a|&#8221;][vc_row][vc_column][vc_column_text] [\/vc_column_text][\/vc_column][\/vc_row]<\/p>\n","protected":false},"author":1,"featured_media":0,"parent":0,"menu_order":0,"comment_status":"closed","ping_status":"closed","template":"","meta":{"footnotes":""},"class_list":["post-1141","page","type-page","status-publish","hentry"],"_links":{"self":[{"href":"http:\/\/mix-formation.fr\/index.php\/wp-json\/wp\/v2\/pages\/1141","targetHints":{"allow":["GET"]}}],"collection":[{"href":"http:\/\/mix-formation.fr\/index.php\/wp-json\/wp\/v2\/pages"}],"about":[{"href":"http:\/\/mix-formation.fr\/index.php\/wp-json\/wp\/v2\/types\/page"}],"author":[{"embeddable":true,"href":"http:\/\/mix-formation.fr\/index.php\/wp-json\/wp\/v2\/users\/1"}],"replies":[{"embeddable":true,"href":"http:\/\/mix-formation.fr\/index.php\/wp-json\/wp\/v2\/comments?post=1141"}],"version-history":[{"count":3,"href":"http:\/\/mix-formation.fr\/index.php\/wp-json\/wp\/v2\/pages\/1141\/revisions"}],"predecessor-version":[{"id":1148,"href":"http:\/\/mix-formation.fr\/index.php\/wp-json\/wp\/v2\/pages\/1141\/revisions\/1148"}],"wp:attachment":[{"href":"http:\/\/mix-formation.fr\/index.php\/wp-json\/wp\/v2\/media?parent=1141"}],"curies":[{"name":"wp","href":"https:\/\/api.w.org\/{rel}","templated":true}]}}