{"id":1133,"date":"2021-06-22T16:48:34","date_gmt":"2021-06-22T15:48:34","guid":{"rendered":"http:\/\/mix-formation.fr\/?page_id=1133"},"modified":"2021-06-22T16:49:02","modified_gmt":"2021-06-22T15:49:02","slug":"challenge-169a","status":"publish","type":"page","link":"http:\/\/mix-formation.fr\/index.php\/challenge-169a\/","title":{"rendered":"Bien !"},"content":{"rendered":"<div class=\"wpb-content-wrapper\"><div itemprop = 'articleBody'>[vc_row][vc_column][vc_column_text]<p><\/p>\n<p style=\"text-align: center;\">Il faut lui poser des questions simples mais utiles : \u00e2ge, ant\u00e9c\u00e9dents, type et localisation de douleur, traitement suivi&#8230;[vc_row][vc_column width=&#8221;1\/1&#8243;][vc_column_text]<\/p>\n<p><\/p>[\/vc_column_text][\/vc_column][\/vc_row][vc_btn title=&#8221;Vous demandez \u00e0 votre coll\u00e8gue d&#8217;appeler les secours&#8221; color=&#8221;success&#8221; align=&#8221;center&#8221; link=&#8221;url:http%3A%2F%2Fmix-formation.fr%2Findex.php%2Fchallenge-24a%2F|title:challenge%2024a|&#8221;][vc_btn title=&#8221;Vous demandez \u00e0 votre coll\u00e8gue d&#8217;apporter une couverture&#8221; color=&#8221;success&#8221; align=&#8221;center&#8221; link=&#8221;url:http%3A%2F%2Fmix-formation.fr%2Findex.php%2Fchallenge-25a%2F|title:challenge%2025a|&#8221;][vc_btn title=&#8221;Vous demandez \u00e0 votre coll\u00e8gue de rester aupr\u00e8s de la victime le temps que vous alliez appeler les secours &#8221; color=&#8221;success&#8221; align=&#8221;center&#8221; link=&#8221;url:http%3A%2F%2Fmix-formation.fr%2Findex.php%2Fchallenge-26a%2F|title:challenge%2026a|&#8221;][vc_row][vc_column][vc_column_text]<\/p>\n<!-- \/wp:post-content -->[\/vc_column_text][\/vc_column][\/vc_row]<\/div><\/div>","protected":false},"excerpt":{"rendered":"<p>[vc_row][vc_column][vc_column_text] Il faut lui poser des questions simples mais utiles : \u00e2ge, ant\u00e9c\u00e9dents, type et localisation de douleur, traitement suivi&#8230;[vc_row][vc_column width=&#8221;1\/1&#8243;][vc_column_text] [\/vc_column_text][\/vc_column][\/vc_row][vc_btn title=&#8221;Vous demandez \u00e0 votre coll\u00e8gue d&#8217;appeler les secours&#8221; color=&#8221;success&#8221; align=&#8221;center&#8221; link=&#8221;url:http%3A%2F%2Fmix-formation.fr%2Findex.php%2Fchallenge-24a%2F|title:challenge%2024a|&#8221;][vc_btn title=&#8221;Vous demandez \u00e0 votre coll\u00e8gue d&#8217;apporter une couverture&#8221; color=&#8221;success&#8221; align=&#8221;center&#8221; link=&#8221;url:http%3A%2F%2Fmix-formation.fr%2Findex.php%2Fchallenge-25a%2F|title:challenge%2025a|&#8221;][vc_btn title=&#8221;Vous demandez \u00e0 votre coll\u00e8gue de rester aupr\u00e8s de la victime [&hellip;]<\/p>\n","protected":false},"author":1,"featured_media":0,"parent":0,"menu_order":0,"comment_status":"closed","ping_status":"closed","template":"","meta":{"footnotes":""},"class_list":["post-1133","page","type-page","status-publish","hentry"],"_links":{"self":[{"href":"http:\/\/mix-formation.fr\/index.php\/wp-json\/wp\/v2\/pages\/1133","targetHints":{"allow":["GET"]}}],"collection":[{"href":"http:\/\/mix-formation.fr\/index.php\/wp-json\/wp\/v2\/pages"}],"about":[{"href":"http:\/\/mix-formation.fr\/index.php\/wp-json\/wp\/v2\/types\/page"}],"author":[{"embeddable":true,"href":"http:\/\/mix-formation.fr\/index.php\/wp-json\/wp\/v2\/users\/1"}],"replies":[{"embeddable":true,"href":"http:\/\/mix-formation.fr\/index.php\/wp-json\/wp\/v2\/comments?post=1133"}],"version-history":[{"count":2,"href":"http:\/\/mix-formation.fr\/index.php\/wp-json\/wp\/v2\/pages\/1133\/revisions"}],"predecessor-version":[{"id":1136,"href":"http:\/\/mix-formation.fr\/index.php\/wp-json\/wp\/v2\/pages\/1133\/revisions\/1136"}],"wp:attachment":[{"href":"http:\/\/mix-formation.fr\/index.php\/wp-json\/wp\/v2\/media?parent=1133"}],"curies":[{"name":"wp","href":"https:\/\/api.w.org\/{rel}","templated":true}]}}