{"id":1118,"date":"2021-06-22T16:34:56","date_gmt":"2021-06-22T15:34:56","guid":{"rendered":"http:\/\/mix-formation.fr\/?page_id=1118"},"modified":"2021-06-22T17:29:18","modified_gmt":"2021-06-22T16:29:18","slug":"challenge-98a","status":"publish","type":"page","link":"http:\/\/mix-formation.fr\/index.php\/challenge-98a\/","title":{"rendered":"La victime se plaint de douleurs dans la poitrine"},"content":{"rendered":"<div class=\"wpb-content-wrapper\"><div itemprop = 'articleBody'><p>[vc_row][vc_column][vc_column_text]<\/p>\n<p style=\"text-align: center;\">Elle peut aussi avoir des difficult\u00e9s \u00e0 respirer, de sueurs sans effort, une sensation de froid ou une p\u00e2leur intense<\/p>\n<p>[\/vc_column_text][vc_btn title=&#8221;Vous allongez la victime&#8221; color=&#8221;success&#8221; align=&#8221;center&#8221; link=&#8221;url:http%3A%2F%2Fmix-formation.fr%2Findex.php%2Fchallenge-168a%2F|title:challenge%20168a|&#8221;][vc_btn title=&#8221;Vous questionnez la victime &#8221; color=&#8221;success&#8221; align=&#8221;center&#8221; link=&#8221;url:http%3A%2F%2Fmix-formation.fr%2Findex.php%2Fchallenge-174a%2F|title:challenge%20174a|&#8221;][vc_btn title=&#8221;Vous faites faire un test d&#8217;effort \u00e0 la victime (10 flexions par exemple)&#8221; color=&#8221;success&#8221; align=&#8221;center&#8221; link=&#8221;url:http%3A%2F%2Fmix-formation.fr%2Findex.php%2Fchallenge-175a%2F|title:challenge%20175a|&#8221;][\/vc_column][\/vc_row]<\/p>\n<\/div><\/div>","protected":false},"excerpt":{"rendered":"<p>[vc_row][vc_column][vc_column_text] Elle peut aussi avoir des difficult\u00e9s \u00e0 respirer, de sueurs sans effort, une sensation de froid ou une p\u00e2leur intense [\/vc_column_text][vc_btn title=&#8221;Vous allongez la victime&#8221; color=&#8221;success&#8221; align=&#8221;center&#8221; link=&#8221;url:http%3A%2F%2Fmix-formation.fr%2Findex.php%2Fchallenge-168a%2F|title:challenge%20168a|&#8221;][vc_btn title=&#8221;Vous questionnez la victime &#8221; color=&#8221;success&#8221; align=&#8221;center&#8221; link=&#8221;url:http%3A%2F%2Fmix-formation.fr%2Findex.php%2Fchallenge-174a%2F|title:challenge%20174a|&#8221;][vc_btn title=&#8221;Vous faites faire un test d&#8217;effort \u00e0 la victime (10 flexions par exemple)&#8221; color=&#8221;success&#8221; align=&#8221;center&#8221; link=&#8221;url:http%3A%2F%2Fmix-formation.fr%2Findex.php%2Fchallenge-175a%2F|title:challenge%20175a|&#8221;][\/vc_column][\/vc_row]<\/p>\n","protected":false},"author":1,"featured_media":0,"parent":0,"menu_order":0,"comment_status":"closed","ping_status":"closed","template":"","meta":{"footnotes":""},"class_list":["post-1118","page","type-page","status-publish","hentry"],"_links":{"self":[{"href":"http:\/\/mix-formation.fr\/index.php\/wp-json\/wp\/v2\/pages\/1118","targetHints":{"allow":["GET"]}}],"collection":[{"href":"http:\/\/mix-formation.fr\/index.php\/wp-json\/wp\/v2\/pages"}],"about":[{"href":"http:\/\/mix-formation.fr\/index.php\/wp-json\/wp\/v2\/types\/page"}],"author":[{"embeddable":true,"href":"http:\/\/mix-formation.fr\/index.php\/wp-json\/wp\/v2\/users\/1"}],"replies":[{"embeddable":true,"href":"http:\/\/mix-formation.fr\/index.php\/wp-json\/wp\/v2\/comments?post=1118"}],"version-history":[{"count":5,"href":"http:\/\/mix-formation.fr\/index.php\/wp-json\/wp\/v2\/pages\/1118\/revisions"}],"predecessor-version":[{"id":1185,"href":"http:\/\/mix-formation.fr\/index.php\/wp-json\/wp\/v2\/pages\/1118\/revisions\/1185"}],"wp:attachment":[{"href":"http:\/\/mix-formation.fr\/index.php\/wp-json\/wp\/v2\/media?parent=1118"}],"curies":[{"name":"wp","href":"https:\/\/api.w.org\/{rel}","templated":true}]}}