{"id":1105,"date":"2021-06-22T16:28:49","date_gmt":"2021-06-22T15:28:49","guid":{"rendered":"http:\/\/mix-formation.fr\/?page_id=1105"},"modified":"2021-06-22T16:31:41","modified_gmt":"2021-06-22T15:31:41","slug":"challenge-164a","status":"publish","type":"page","link":"http:\/\/mix-formation.fr\/index.php\/challenge-164a\/","title":{"rendered":"OK !"},"content":{"rendered":"<div class=\"wpb-content-wrapper\"><div itemprop = 'articleBody'><p>[vc_row][vc_column][vc_column_text]<\/p>\n<p><\/p>\n\n\n<\/p>\n<p style=\"text-align: center;\">Le membre sectionn\u00e9 doit \u00eatre conserv\u00e9 dans de bonnes conditions pour pouvoir \u00eatre regreff\u00e9 ensuite !<\/p>\n<p style=\"text-align: center;\">\n\n\n<p><\/p>\n<p><\/p>\n\n\n<\/p>\n<p style=\"text-align: center;\">Dans un sac, au froid et \u00e0 l&#8217;abri des des microbes et des poussi\u00e8res&#8230;<\/p>\n<p style=\"text-align: center;\">Mais il aurait fallu s&#8217;occuper du moignon d&#8217;abord !<\/p>\n<p>\n\n\n<p><\/p>\n<p>[\/vc_column_text][\/vc_column][\/vc_row]<\/p>\n\n\n<p>[vc_btn title=&#8221;Vous demandez \u00e0 votre coll\u00e8gue d&#8217;appeler les secours&#8221; color=&#8221;success&#8221; align=&#8221;center&#8221; link=&#8221;url:http%3A%2F%2Fmix-formation.fr%2Findex.php%2Fchallenge-24a%2F|title:challenge%2024a|&#8221;][vc_btn title=&#8221;Vous demandez \u00e0 votre coll\u00e8gue d&#8217;apporter une couverture&#8221; color=&#8221;success&#8221; align=&#8221;center&#8221; link=&#8221;url:http%3A%2F%2Fmix-formation.fr%2Findex.php%2Fchallenge-25a%2F|title:challenge%2025a|&#8221;][vc_btn title=&#8221;Vous demandez \u00e0 votre coll\u00e8gue de rester aupr\u00e8s de la victime le temps que vous alliez appeler les secours &#8221; color=&#8221;success&#8221; align=&#8221;center&#8221; link=&#8221;url:http%3A%2F%2Fmix-formation.fr%2Findex.php%2Fchallenge-26a%2F|title:challenge%2026a|&#8221;]<\/p>\n<\/div><\/div>","protected":false},"excerpt":{"rendered":"<p>[vc_row][vc_column][vc_column_text] Le membre sectionn\u00e9 doit \u00eatre conserv\u00e9 dans de bonnes conditions pour pouvoir \u00eatre regreff\u00e9 ensuite ! Dans un sac, au froid et \u00e0 l&#8217;abri des des microbes et des poussi\u00e8res&#8230; Mais il aurait fallu s&#8217;occuper du moignon d&#8217;abord ! [\/vc_column_text][\/vc_column][\/vc_row] [vc_btn title=&#8221;Vous demandez \u00e0 votre coll\u00e8gue d&#8217;appeler les secours&#8221; color=&#8221;success&#8221; align=&#8221;center&#8221; link=&#8221;url:http%3A%2F%2Fmix-formation.fr%2Findex.php%2Fchallenge-24a%2F|title:challenge%2024a|&#8221;][vc_btn title=&#8221;Vous demandez [&hellip;]<\/p>\n","protected":false},"author":1,"featured_media":0,"parent":0,"menu_order":0,"comment_status":"closed","ping_status":"closed","template":"","meta":{"footnotes":""},"class_list":["post-1105","page","type-page","status-publish","hentry"],"_links":{"self":[{"href":"http:\/\/mix-formation.fr\/index.php\/wp-json\/wp\/v2\/pages\/1105","targetHints":{"allow":["GET"]}}],"collection":[{"href":"http:\/\/mix-formation.fr\/index.php\/wp-json\/wp\/v2\/pages"}],"about":[{"href":"http:\/\/mix-formation.fr\/index.php\/wp-json\/wp\/v2\/types\/page"}],"author":[{"embeddable":true,"href":"http:\/\/mix-formation.fr\/index.php\/wp-json\/wp\/v2\/users\/1"}],"replies":[{"embeddable":true,"href":"http:\/\/mix-formation.fr\/index.php\/wp-json\/wp\/v2\/comments?post=1105"}],"version-history":[{"count":6,"href":"http:\/\/mix-formation.fr\/index.php\/wp-json\/wp\/v2\/pages\/1105\/revisions"}],"predecessor-version":[{"id":1113,"href":"http:\/\/mix-formation.fr\/index.php\/wp-json\/wp\/v2\/pages\/1105\/revisions\/1113"}],"wp:attachment":[{"href":"http:\/\/mix-formation.fr\/index.php\/wp-json\/wp\/v2\/media?parent=1105"}],"curies":[{"name":"wp","href":"https:\/\/api.w.org\/{rel}","templated":true}]}}