{"id":1005,"date":"2021-06-22T14:23:59","date_gmt":"2021-06-22T13:23:59","guid":{"rendered":"http:\/\/mix-formation.fr\/?page_id=1005"},"modified":"2021-06-22T14:25:35","modified_gmt":"2021-06-22T13:25:35","slug":"challenge-140a","status":"publish","type":"page","link":"http:\/\/mix-formation.fr\/index.php\/challenge-140a\/","title":{"rendered":"Bien r\u00e9agi !"},"content":{"rendered":"<div class=\"wpb-content-wrapper\"><div itemprop = 'articleBody'>[vc_row][vc_column][vc_column_text]<p><\/p>\n<p style=\"text-align: center;\">il faut arroser la zone impr\u00e9gn\u00e9e et d\u00e9shabiller en se prot\u00e9geant !<\/p>\n<p><\/p>[\/vc_column_text][vc_btn title=&#8221;Vous demandez \u00e0 votre coll\u00e8gue d&#8217;appeler les secours&#8221; color=&#8221;success&#8221; align=&#8221;center&#8221; link=&#8221;url:http%3A%2F%2Fmix-formation.fr%2Findex.php%2Fchallenge-24a%2F|title:challenge%2024a|&#8221;][vc_btn title=&#8221;Vous demandez \u00e0 votre coll\u00e8gue d&#8217;apporter une couverture&#8221; color=&#8221;success&#8221; align=&#8221;center&#8221; link=&#8221;url:http%3A%2F%2Fmix-formation.fr%2Findex.php%2Fchallenge-25a%2F|title:challenge%2025a|&#8221;][\/vc_column][\/vc_row]<\/div><\/div>","protected":false},"excerpt":{"rendered":"<p>[vc_row][vc_column][vc_column_text] il faut arroser la zone impr\u00e9gn\u00e9e et d\u00e9shabiller en se prot\u00e9geant ! [\/vc_column_text][vc_btn title=&#8221;Vous demandez \u00e0 votre coll\u00e8gue d&#8217;appeler les secours&#8221; color=&#8221;success&#8221; align=&#8221;center&#8221; link=&#8221;url:http%3A%2F%2Fmix-formation.fr%2Findex.php%2Fchallenge-24a%2F|title:challenge%2024a|&#8221;][vc_btn title=&#8221;Vous demandez \u00e0 votre coll\u00e8gue d&#8217;apporter une couverture&#8221; color=&#8221;success&#8221; align=&#8221;center&#8221; link=&#8221;url:http%3A%2F%2Fmix-formation.fr%2Findex.php%2Fchallenge-25a%2F|title:challenge%2025a|&#8221;][\/vc_column][\/vc_row]<\/p>\n","protected":false},"author":1,"featured_media":0,"parent":0,"menu_order":0,"comment_status":"closed","ping_status":"closed","template":"","meta":{"footnotes":""},"class_list":["post-1005","page","type-page","status-publish","hentry"],"_links":{"self":[{"href":"http:\/\/mix-formation.fr\/index.php\/wp-json\/wp\/v2\/pages\/1005","targetHints":{"allow":["GET"]}}],"collection":[{"href":"http:\/\/mix-formation.fr\/index.php\/wp-json\/wp\/v2\/pages"}],"about":[{"href":"http:\/\/mix-formation.fr\/index.php\/wp-json\/wp\/v2\/types\/page"}],"author":[{"embeddable":true,"href":"http:\/\/mix-formation.fr\/index.php\/wp-json\/wp\/v2\/users\/1"}],"replies":[{"embeddable":true,"href":"http:\/\/mix-formation.fr\/index.php\/wp-json\/wp\/v2\/comments?post=1005"}],"version-history":[{"count":2,"href":"http:\/\/mix-formation.fr\/index.php\/wp-json\/wp\/v2\/pages\/1005\/revisions"}],"predecessor-version":[{"id":1008,"href":"http:\/\/mix-formation.fr\/index.php\/wp-json\/wp\/v2\/pages\/1005\/revisions\/1008"}],"wp:attachment":[{"href":"http:\/\/mix-formation.fr\/index.php\/wp-json\/wp\/v2\/media?parent=1005"}],"curies":[{"name":"wp","href":"https:\/\/api.w.org\/{rel}","templated":true}]}}